{"id":633,"date":"2025-04-14T22:04:58","date_gmt":"2025-04-14T22:04:58","guid":{"rendered":"https:\/\/philaerix.com\/?page_id=633"},"modified":"2025-04-14T22:07:15","modified_gmt":"2025-04-14T22:07:15","slug":"kostenloser-roman","status":"publish","type":"page","link":"https:\/\/philaerix.com\/index.php\/kostenloser-roman\/","title":{"rendered":"Kostenloser Roman"},"content":{"rendered":"\n<p><strong>Du willst einen kostenlosen, vollst\u00e4ndigen Roman, um herauszufinden, ob dir meine Geschichten gefallen?<\/strong><br>Dann klick auf den Button \u2013 und los geht der Spa\u00df!<\/p>\n\n\n\n<div class=\"wp-block-buttons is-content-justification-center is-layout-flex wp-container-core-buttons-is-layout-d9cd0f1e wp-block-buttons-is-layout-flex\">\n<div class=\"wp-block-button\"><a class=\"wp-block-button__link has-vivid-red-background-color has-background has-text-align-center wp-element-button\" href=\"http:\/\/cta.philaerix.com\/8xn6kY\" style=\"border-radius:13px\" target=\"_blank\" rel=\"noreferrer noopener\">Schick mir mein kostenloses Buch<\/a><\/div>\n<\/div>\n\n\n\n<hr class=\"wp-block-separator has-text-color has-vivid-green-cyan-color has-alpha-channel-opacity has-vivid-green-cyan-background-color has-background\"\/>\n\n\n\n<h2 class=\"wp-block-heading has-text-align-center\">Elfenk\u00f6nigin<\/h2>\n\n\n\n<div class=\"wp-block-columns is-layout-flex wp-container-core-columns-is-layout-9d6595d7 wp-block-columns-is-layout-flex\">\n<div class=\"wp-block-column is-layout-flow wp-block-column-is-layout-flow\">\n<figure class=\"wp-block-image size-large\"><img loading=\"lazy\" decoding=\"async\" width=\"683\" height=\"1024\" src=\"https:\/\/philaerix.com\/wp-content\/uploads\/2025\/04\/Elf-Queen-e-book-German-1-683x1024.jpg\" alt=\"\" class=\"wp-image-599\" srcset=\"https:\/\/philaerix.com\/wp-content\/uploads\/2025\/04\/Elf-Queen-e-book-German-1-683x1024.jpg 683w, https:\/\/philaerix.com\/wp-content\/uploads\/2025\/04\/Elf-Queen-e-book-German-1-200x300.jpg 200w, https:\/\/philaerix.com\/wp-content\/uploads\/2025\/04\/Elf-Queen-e-book-German-1-768x1152.jpg 768w, https:\/\/philaerix.com\/wp-content\/uploads\/2025\/04\/Elf-Queen-e-book-German-1-1024x1536.jpg 1024w, https:\/\/philaerix.com\/wp-content\/uploads\/2025\/04\/Elf-Queen-e-book-German-1-1365x2048.jpg 1365w, https:\/\/philaerix.com\/wp-content\/uploads\/2025\/04\/Elf-Queen-e-book-German-1-scaled.jpg 1707w\" sizes=\"auto, (max-width: 683px) 100vw, 683px\" \/><\/figure>\n<\/div>\n\n\n\n<div class=\"wp-block-column is-layout-flow wp-block-column-is-layout-flow\">\n<p><\/p>\n\n\n\n<p><strong><em>Verhei\u00dfener Held oder einfach nur Pech?<\/em><\/strong><\/p>\n\n\n\n<p>Nach einer beschissenen Arbeitswoche wollte ich nur eine kleine Wanderung machen, dem st\u00e4ndigen Gedr\u00e4nge der Menschen entfliehen und entspannen. Nachdem ich mich durch den Verkehr gek\u00e4mpft hatte, erreichte ich den Wanderweg. Endlich Zeit zum Abschalten.<\/p>\n\n\n\n<p>Bis ich direkt in ein magisches Portal lief, das mich in die Arme zweier super-hei\u00dfer, aber sehr militanter Elfensch\u00f6nheiten in einer Welt transportierte, die definitiv nicht meine eigene war.<\/p>\n\n\n\n<p>Von da an wurde es nur noch schlimmer.<\/p>\n\n\n\n<p><\/p>\n<\/div>\n<\/div>\n\n\n\n<p>Ehe ich mich versah, wurde ich beschuldigt, der prophezeite Retter zu sein, der zur Elfennation gebracht wurde, um irgendwelche Heldentaten zu vollbringen. Ohne jegliche Vorerfahrung mit mittelalterlichen Waffen oder irgendwelchen magischen F\u00e4higkeiten \u2013 ja, Magie existierte hier \u2013 wurde mir die Wahl zwischen Hinrichtung oder einer verr\u00fcckten Mission zur Rettung der Elfenk\u00f6nigin gelassen.<\/p>\n\n\n\n<p>Einerseits w\u00fcrde mich die Mission in die Gesellschaft von Aelia Breezesong bringen, der atemberaubend sch\u00f6nen und unvorstellbar sexy Hauptfrau der elfischen Spezialeinheit, der Waldl\u00e4ufer. Andererseits m\u00fcsste ich durch monsterverseuchte L\u00e4nder reisen, um einen m\u00e4chtigen Magier zu konfrontieren, der die K\u00f6nigin entf\u00fchrt hatte.<\/p>\n\n\n\n<p>War es das wert, mein Leben zu riskieren, um mehr Aufmerksamkeit von der unglaublich hei\u00dfen Aelia zu bekommen, ganz zu schweigen von den anderen exquisiten Kriegerinnen, aus denen die Truppe bestand? Vielleicht habe ich keine andere Wahl.<\/p>\n\n\n\n<p><strong><em>Warnung: Dieses Buch enth\u00e4lt mittelalterliche Gewalt, sexy Elfenkriegerinnen und detaillierte Erwachsenenaktivit\u00e4ten. Wenn du daran keinen Gefallen findest, k\u00f6nnte diese zugegebenerma\u00dfen fesselnde Geschichte eher ablenkend als unterhaltsam sein. Wenn du diese Art von Elementen in deinen Geschichten magst, solltest du dir dieses Buch sofort holen. Du wirst froh sein, es getan zu haben.<\/em><\/strong><\/p>\n\n\n\n<p><\/p>\n","protected":false},"excerpt":{"rendered":"<p>Du willst einen kostenlosen, vollst\u00e4ndigen Roman, um herauszufinden, ob dir meine Geschichten gefallen?Dann klick auf den Button \u2013 und los geht der Spa\u00df! Elfenk\u00f6nigin Verhei\u00dfener Held oder einfach nur Pech? Nach einer beschissenen Arbeitswoche wollte ich nur eine kleine Wanderung machen, dem st\u00e4ndigen Gedr\u00e4nge der Menschen entfliehen und entspannen. Nachdem ich mich durch den Verkehr [&hellip;]<\/p>\n","protected":false},"author":1,"featured_media":0,"parent":0,"menu_order":0,"comment_status":"closed","ping_status":"closed","template":"","meta":{"om_disable_all_campaigns":false,"_monsterinsights_skip_tracking":false,"_monsterinsights_sitenote_active":false,"_monsterinsights_sitenote_note":"","_monsterinsights_sitenote_category":0,"_genesis_hide_title":false,"_genesis_hide_breadcrumbs":false,"_genesis_hide_singular_image":false,"_genesis_hide_footer_widgets":false,"_genesis_custom_body_class":"","_genesis_custom_post_class":"","_genesis_layout":"","footnotes":""},"class_list":{"0":"post-633","1":"page","2":"type-page","3":"status-publish","5":"entry"},"_links":{"self":[{"href":"https:\/\/philaerix.com\/index.php\/wp-json\/wp\/v2\/pages\/633","targetHints":{"allow":["GET"]}}],"collection":[{"href":"https:\/\/philaerix.com\/index.php\/wp-json\/wp\/v2\/pages"}],"about":[{"href":"https:\/\/philaerix.com\/index.php\/wp-json\/wp\/v2\/types\/page"}],"author":[{"embeddable":true,"href":"https:\/\/philaerix.com\/index.php\/wp-json\/wp\/v2\/users\/1"}],"replies":[{"embeddable":true,"href":"https:\/\/philaerix.com\/index.php\/wp-json\/wp\/v2\/comments?post=633"}],"version-history":[{"count":2,"href":"https:\/\/philaerix.com\/index.php\/wp-json\/wp\/v2\/pages\/633\/revisions"}],"predecessor-version":[{"id":638,"href":"https:\/\/philaerix.com\/index.php\/wp-json\/wp\/v2\/pages\/633\/revisions\/638"}],"wp:attachment":[{"href":"https:\/\/philaerix.com\/index.php\/wp-json\/wp\/v2\/media?parent=633"}],"curies":[{"name":"wp","href":"https:\/\/api.w.org\/{rel}","templated":true}]}}