{"id":696,"date":"2025-07-14T07:21:21","date_gmt":"2025-07-14T07:21:21","guid":{"rendered":"https:\/\/philaerix.com\/?page_id=696"},"modified":"2025-08-01T03:06:55","modified_gmt":"2025-08-01T03:06:55","slug":"character-concept-videos","status":"publish","type":"page","link":"https:\/\/philaerix.com\/index.php\/character-concept-videos\/","title":{"rendered":"Character Concept Videos"},"content":{"rendered":"\n<p>These are some of the videos I&#8217;ve generated with Midjourney, mostly for fun (but also to share with you!) They&#8217;re just quick jobs, with glitches and confusing features, but I enjoy making them and watching them. I&#8217;ll add more when I think about it and make some for my different series. <\/p>\n\n\n\n<p>(Das sind einige der Videos, die ich mit Midjourney erstellt habe \u2013 haupts\u00e4chlich zum Spa\u00df (aber auch, um sie mit euch zu teilen!). Es sind nur schnelle Arbeiten, mit Pannen und verwirrenden Elementen, aber ich habe Spa\u00df daran, sie zu machen und anzuschauen. Ich werde weitere hinzuf\u00fcgen, wenn ich daran denke und welche f\u00fcr meine verschiedenen Reihen erstelle.)<\/p>\n\n\n\n<div class=\"wp-block-columns is-layout-flex wp-container-core-columns-is-layout-9d6595d7 wp-block-columns-is-layout-flex\">\n<div class=\"wp-block-column is-layout-flow wp-block-column-is-layout-flow\">\n<figure class=\"wp-block-video\"><video height=\"2122\" style=\"aspect-ratio: 1080 \/ 2122;\" width=\"1080\" controls src=\"https:\/\/philaerix.com\/wp-content\/uploads\/2025\/08\/Mina-Transform-into-Costco-Girl-01.mp4\"><\/video><figcaption class=\"wp-element-caption\">Terasminanilonosus (Mina) from the Quantum Operative series transforming from her natural form into another woman (the Costco girl from the first book).<\/figcaption><\/figure>\n\n\n\n<p>[Terasminanilonosus (Mina) aus der\u00a0<em>Quantum Operative<\/em>-Reihe verwandelt sich von ihrer nat\u00fcrlichen Gestalt in eine andere Frau (das M\u00e4dchen von Costco aus dem ersten Buch).]<\/p>\n<\/div>\n\n\n\n<div class=\"wp-block-column is-layout-flow wp-block-column-is-layout-flow\">\n<figure class=\"wp-block-video alignleft\"><video height=\"1080\" style=\"aspect-ratio: 1080 \/ 1080;\" width=\"1080\" controls src=\"https:\/\/philaerix.com\/wp-content\/uploads\/2025\/07\/Rosenia-Werewolf-02.mp4\"><\/video><figcaption class=\"wp-element-caption\">A werewolf girl who will be one of the main characters in a new series I&#8217;m working on.<\/figcaption><\/figure>\n\n\n\n<p>(Ein Werwolf-M\u00e4dchen, das eine der Hauptfiguren in einer neuen Reihe sein wird, an der ich gerade arbeite.)<\/p>\n\n\n\n<figure class=\"wp-block-video\"><video height=\"1080\" style=\"aspect-ratio: 1080 \/ 1080;\" width=\"1080\" controls src=\"https:\/\/philaerix.com\/wp-content\/uploads\/2025\/07\/Rosenia-Werewolf-01-1.mp4\"><\/video><figcaption class=\"wp-element-caption\">Another shot of the werewolf girl.<\/figcaption><\/figure>\n\n\n\n<p>(Noch eine Aufnahme des Werwolf-M\u00e4dchens.)<\/p>\n<\/div>\n<\/div>\n\n\n\n<div class=\"wp-block-columns is-layout-flex wp-container-core-columns-is-layout-9d6595d7 wp-block-columns-is-layout-flex\">\n<div class=\"wp-block-column is-layout-flow wp-block-column-is-layout-flow\">\n<figure class=\"wp-block-video\"><video height=\"1080\" style=\"aspect-ratio: 1080 \/ 1080;\" width=\"1080\" controls src=\"https:\/\/philaerix.com\/wp-content\/uploads\/2025\/07\/Rosenia-Werewolf-03.mp4\"><\/video><figcaption class=\"wp-element-caption\">Yet another clip of the werewolf girl.<\/figcaption><\/figure>\n\n\n\n<p>(Noch ein weiterer Clip des Werwolf-M\u00e4dchens.)<\/p>\n<\/div>\n\n\n\n<div class=\"wp-block-column is-layout-flow wp-block-column-is-layout-flow\">\n<figure class=\"wp-block-video\"><video height=\"1080\" style=\"aspect-ratio: 1080 \/ 1080;\" width=\"1080\" controls src=\"https:\/\/philaerix.com\/wp-content\/uploads\/2025\/08\/Kalli-emerging-from-puddle.mp4\"><\/video><figcaption class=\"wp-element-caption\">A slime girl who will be one of the main characters in an upcoming series.<\/figcaption><\/figure>\n\n\n\n<p>(Ein Schleim-M\u00e4dchen, das eine der Hauptfiguren in einer kommenden Reihe sein wird.)<\/p>\n<\/div>\n<\/div>\n\n\n\n<div class=\"wp-block-columns is-layout-flex wp-container-core-columns-is-layout-9d6595d7 wp-block-columns-is-layout-flex\">\n<div class=\"wp-block-column is-layout-flow wp-block-column-is-layout-flow\">\n<figure class=\"wp-block-video\"><video height=\"1080\" style=\"aspect-ratio: 1080 \/ 1080;\" width=\"1080\" controls src=\"https:\/\/philaerix.com\/wp-content\/uploads\/2025\/08\/Airy-flying-01.mp4\"><\/video><figcaption class=\"wp-element-caption\">Ari in Quantum Operative: Villain, in her superhero costume.<\/figcaption><\/figure>\n\n\n\n<p>(Ari in\u00a0<em><strong>Quantenspezialeinheit<\/strong>: <strong>Schurke<\/strong><\/em>, in ihrem Superheldenkost\u00fcm.)<\/p>\n<\/div>\n\n\n\n<div class=\"wp-block-column is-layout-flow wp-block-column-is-layout-flow\">\n<figure class=\"wp-block-video\"><video height=\"1080\" style=\"aspect-ratio: 1080 \/ 1080;\" width=\"1080\" controls src=\"https:\/\/philaerix.com\/wp-content\/uploads\/2025\/08\/social_philaerix_httpss.mj_.runzch5VrQzTOA_a_woman_with_the_power_to__932fa33f-73c6-4568-af12-67c45c893243_1.mp4\"><\/video><figcaption class=\"wp-element-caption\">Karise demonstrating her elemental powers in QO: Villain.<\/figcaption><\/figure>\n\n\n\n<p>(Karise demonstriert ihre Elementarkr\u00e4fte in\u00a0<em><strong>Quantenspezialeinheit<\/strong>: <strong>Schurke<\/strong><\/em>)<\/p>\n<\/div>\n<\/div>\n\n\n\n<div class=\"wp-block-columns is-layout-flex wp-container-core-columns-is-layout-9d6595d7 wp-block-columns-is-layout-flex\">\n<div class=\"wp-block-column is-layout-flow wp-block-column-is-layout-flow\">\n<figure class=\"wp-block-video\"><video height=\"2122\" style=\"aspect-ratio: 1080 \/ 2122;\" width=\"1080\" controls src=\"https:\/\/philaerix.com\/wp-content\/uploads\/2025\/08\/social_philaerix_a_superheroine_with_the_power_to_create_force_field_944af444-2f2a-4968-bd92-1e5426fd9aad_1.mp4\"><\/video><figcaption class=\"wp-element-caption\">Candice in her superhero costume from QO: Villain.<\/figcaption><\/figure>\n\n\n\n<p>(Candice in ihrem Superheldenkost\u00fcm aus\u00a0<em><em><strong>Quantenspezialeinheit<\/strong>: <strong>Schurke<\/strong><\/em><\/em>)<\/p>\n<\/div>\n\n\n\n<div class=\"wp-block-column is-layout-flow wp-block-column-is-layout-flow\">\n<figure class=\"wp-block-video\"><video height=\"2122\" style=\"aspect-ratio: 1080 \/ 2122;\" width=\"1080\" controls src=\"https:\/\/philaerix.com\/wp-content\/uploads\/2025\/08\/social_philaerix_httpss.mj_.runTmMJE2y8BK8_her_hands_flow_with_a_brig_0a2f6ac5-07cb-4389-83fd-f85a19f94650_1.mp4\"><\/video><figcaption class=\"wp-element-caption\">Mina in one of her many superheroine forms in QO: Villain.<\/figcaption><\/figure>\n\n\n\n<p>(Mina in einer ihrer vielen Superheldinnen-Gestalten in<em><em><strong>Quantenspezialeinheit<\/strong>: <strong>Schurke<\/strong><\/em><\/em>)<\/p>\n<\/div>\n<\/div>\n\n\n\n<p><\/p>\n\n\n\n<p><\/p>\n","protected":false},"excerpt":{"rendered":"<p>These are some of the videos I&#8217;ve generated with Midjourney, mostly for fun (but also to share with you!) They&#8217;re just quick jobs, with glitches and confusing features, but I enjoy making them and watching them. I&#8217;ll add more when I think about it and make some for my different series. (Das sind einige der [&hellip;]<\/p>\n","protected":false},"author":1,"featured_media":0,"parent":0,"menu_order":0,"comment_status":"closed","ping_status":"closed","template":"","meta":{"om_disable_all_campaigns":false,"_monsterinsights_skip_tracking":false,"_monsterinsights_sitenote_active":false,"_monsterinsights_sitenote_note":"","_monsterinsights_sitenote_category":0,"_genesis_hide_title":false,"_genesis_hide_breadcrumbs":false,"_genesis_hide_singular_image":false,"_genesis_hide_footer_widgets":false,"_genesis_custom_body_class":"","_genesis_custom_post_class":"","_genesis_layout":"","footnotes":""},"class_list":{"0":"post-696","1":"page","2":"type-page","3":"status-publish","5":"entry"},"_links":{"self":[{"href":"https:\/\/philaerix.com\/index.php\/wp-json\/wp\/v2\/pages\/696","targetHints":{"allow":["GET"]}}],"collection":[{"href":"https:\/\/philaerix.com\/index.php\/wp-json\/wp\/v2\/pages"}],"about":[{"href":"https:\/\/philaerix.com\/index.php\/wp-json\/wp\/v2\/types\/page"}],"author":[{"embeddable":true,"href":"https:\/\/philaerix.com\/index.php\/wp-json\/wp\/v2\/users\/1"}],"replies":[{"embeddable":true,"href":"https:\/\/philaerix.com\/index.php\/wp-json\/wp\/v2\/comments?post=696"}],"version-history":[{"count":12,"href":"https:\/\/philaerix.com\/index.php\/wp-json\/wp\/v2\/pages\/696\/revisions"}],"predecessor-version":[{"id":742,"href":"https:\/\/philaerix.com\/index.php\/wp-json\/wp\/v2\/pages\/696\/revisions\/742"}],"wp:attachment":[{"href":"https:\/\/philaerix.com\/index.php\/wp-json\/wp\/v2\/media?parent=696"}],"curies":[{"name":"wp","href":"https:\/\/api.w.org\/{rel}","templated":true}]}}